{"id":16,"date":"2020-02-24T12:50:27","date_gmt":"2020-02-24T12:50:27","guid":{"rendered":"http:\/\/localhost\/angiovascular\/?page_id=16"},"modified":"2021-05-26T19:06:19","modified_gmt":"2021-05-26T19:06:19","slug":"procedimentos","status":"publish","type":"page","link":"https:\/\/www.angiovascular.com.br\/index.php\/procedimentos\/","title":{"rendered":"Procedimentos"},"content":{"rendered":"\n<h2 class=\"wp-block-heading\">Angiologia e Cirurgia Vascular<\/h2>\n\n\n\n<ul><li>Cirurgia de Varizes<\/li><li>Esclerose de varizes (Laser, Crioesclerose, Espuma e esclorese tradicional)<\/li><li>F\u00edstulas Art\u00e9rio-Venosas para Hemodi\u00e1lise<\/li><li>Desobstru\u00e7\u00e3o das Art\u00e9rias Car\u00f3tidas<\/li><li>Tratamento de Isquemia Cerebral<\/li><li>Tratamento das Obstru\u00e7\u00f5es dos Membros Superiores e Inferiores<\/li><li>Tratamento de Aneurisma Aorta Abdominal<\/li><li>Tratamento de Aneurismas Perif\u00e9ricos<\/li><li>Tratamento de P\u00e9s Diab\u00e9ticos<\/li><li>Tratamento de Trombofleblites e Trombose Venosa Profunda<\/li><\/ul>\n\n\n\n<hr class=\"wp-block-separator\"\/>\n\n\n\n<div class=\"wp-block-image\"><figure class=\"alignright size-large is-resized\"><img decoding=\"async\" loading=\"lazy\" src=\"https:\/\/www.angiovascular.com.br\/\/wp-content\/uploads\/2021\/05\/Hospital-Angiovascular-Cirurgia-Plastica-e-Dermatologia.jpg\" alt=\"\" class=\"wp-image-272\" width=\"454\" height=\"302\" srcset=\"https:\/\/www.angiovascular.com.br\/wp-content\/uploads\/2021\/05\/Hospital-Angiovascular-Cirurgia-Plastica-e-Dermatologia.jpg 1000w, https:\/\/www.angiovascular.com.br\/wp-content\/uploads\/2021\/05\/Hospital-Angiovascular-Cirurgia-Plastica-e-Dermatologia-300x200.jpg 300w, https:\/\/www.angiovascular.com.br\/wp-content\/uploads\/2021\/05\/Hospital-Angiovascular-Cirurgia-Plastica-e-Dermatologia-768x512.jpg 768w\" sizes=\"(max-width: 454px) 100vw, 454px\" \/><\/figure><\/div>\n\n\n\n<h2 class=\"wp-block-heading\">Cirurgia Pl\u00e1stica e Dermatologia<\/h2>\n\n\n\n<ul><li>Cirurgias reparadoras<\/li><li>Pr\u00f3tese Mam\u00e1ria<\/li><li>Pr\u00f3tese de Gl\u00fateo<\/li><li>Pr\u00f3tese de Panturrilha<\/li><li>Cirurgia de Face<\/li><li>Lipoaspira\u00e7\u00e3o<\/li><li>Ginecomastia<\/li><li>Mamoplastia<\/li><li>Dermatocalaze<\/li><li>Reconstru\u00e7\u00e3o de Orelha<\/li><li>Pequenos Procedimentos (retirada de sinal, tumor e cistos)<\/li><li>Est\u00e9tica com Laser<\/li><\/ul>\n\n\n\n<hr class=\"wp-block-separator\"\/>\n\n\n\n<div class=\"wp-block-image\"><figure class=\"alignright size-large is-resized\"><img decoding=\"async\" src=\"https:\/\/www.angiovascular.com.br\/\/wp-content\/uploads\/2021\/05\/Hospital-Angiovascular-Exames.jpg\" alt=\"\" class=\"wp-image-274\" width=\"454\" srcset=\"https:\/\/www.angiovascular.com.br\/wp-content\/uploads\/2021\/05\/Hospital-Angiovascular-Exames.jpg 1000w, https:\/\/www.angiovascular.com.br\/wp-content\/uploads\/2021\/05\/Hospital-Angiovascular-Exames-300x200.jpg 300w, https:\/\/www.angiovascular.com.br\/wp-content\/uploads\/2021\/05\/Hospital-Angiovascular-Exames-768x511.jpg 768w\" sizes=\"(max-width: 1000px) 100vw, 1000px\" \/><\/figure><\/div>\n\n\n\n<h2 class=\"wp-block-heading\">Exames<\/h2>\n\n\n\n<ul><li>Ultrassonografia Vascular com Doppler Colorido | Avalia\u00e7\u00e3o Arterial<\/li><li>Art\u00e9rias Oft\u00e1lmicas<\/li><li>Art\u00e9rias Car\u00f3tidas<\/li><li>Art\u00e9rias Vertebrais<\/li><li>Art\u00e9rias Subcl\u00e1vias<\/li><li>Arterial de Membros Superiores<\/li><li>Arterial Abdominal<\/li><li>Art\u00e9rias Renais<\/li><li>Art\u00e9rias Mesent\u00e9ricas<\/li><li>Art\u00e9rias Il\u00edacas<\/li><li>Avalia\u00e7\u00e3o de Transplante Renal<\/li><li>Arterial de Membros Inferiores<\/li><li>Doppler Peniano (Impot\u00eancia Vasculog\u00eanica)<\/li><li>Avalia\u00e7\u00e3o Arterial de Disfun\u00e7\u00e3o Endotelial<\/li><li>Avalia\u00e7\u00e3o Venosa<\/li><li>Venoso Cervical (Subcl\u00e1via e Jugulares)<\/li><li>Venoso Profundo dos Membros Superiores<\/li><li>Venoso Superficial para Confec\u00e7\u00e3o de F\u00edstula Art\u00e9rio-Venosa p\/ Hemodi\u00e1lise<\/li><li>Venoso Abdominal (veia cava inferior e il\u00edacas)<\/li><li>Venoso Profundo dos Membros Inferiores<\/li><li>Mapeamento Venoso dos Membros Inferiores p\/ cirurgia de varizes<\/li><\/ul>\n\n\n\n<hr class=\"wp-block-separator\"\/>\n\n\n\n<div class=\"wp-block-image\"><figure class=\"alignright size-large is-resized\"><img decoding=\"async\" src=\"https:\/\/www.angiovascular.com.br\/\/wp-content\/uploads\/2021\/05\/Hospital-Angiovascular-Diversos-procedimentos.jpg\" alt=\"\" class=\"wp-image-273\" width=\"454\" srcset=\"https:\/\/www.angiovascular.com.br\/wp-content\/uploads\/2021\/05\/Hospital-Angiovascular-Diversos-procedimentos.jpg 1000w, https:\/\/www.angiovascular.com.br\/wp-content\/uploads\/2021\/05\/Hospital-Angiovascular-Diversos-procedimentos-300x186.jpg 300w, https:\/\/www.angiovascular.com.br\/wp-content\/uploads\/2021\/05\/Hospital-Angiovascular-Diversos-procedimentos-768x475.jpg 768w\" sizes=\"(max-width: 1000px) 100vw, 1000px\" \/><\/figure><\/div>\n\n\n\n<h2 class=\"wp-block-heading\">Outros procedimentos<\/h2>\n\n\n\n<ul><li>Fisioterapia Vascular<\/li><li>Drenagem Linf\u00e1tica<\/li><li>P\u00f3s-operat\u00f3rio<\/li><\/ul>\n","protected":false},"excerpt":{"rendered":"<p>Angiologia e Cirurgia Vascular Cirurgia de Varizes Esclerose de varizes (Laser, Crioesclerose, Espuma e esclorese tradicional) F\u00edstulas Art\u00e9rio-Venosas para Hemodi\u00e1lise Desobstru\u00e7\u00e3o das Art\u00e9rias Car\u00f3tidas Tratamento de Isquemia Cerebral Tratamento das Obstru\u00e7\u00f5es dos Membros Superiores e Inferiores Tratamento de Aneurisma Aorta Abdominal Tratamento de Aneurismas Perif\u00e9ricos Tratamento de P\u00e9s Diab\u00e9ticos Tratamento de Trombofleblites e Trombose Venosa [&hellip;]<\/p>\n","protected":false},"author":1,"featured_media":271,"parent":0,"menu_order":0,"comment_status":"closed","ping_status":"closed","template":"","meta":[],"acf":[],"yoast_head":"<!-- This site is optimized with the Yoast SEO plugin v21.8.1 - https:\/\/yoast.com\/wordpress\/plugins\/seo\/ -->\n<title>Procedimentos - Hospital AngioVascular<\/title>\n<meta name=\"robots\" content=\"index, follow, max-snippet:-1, max-image-preview:large, max-video-preview:-1\" \/>\n<link rel=\"canonical\" href=\"https:\/\/www.angiovascular.com.br\/index.php\/procedimentos\/\" \/>\n<meta property=\"og:locale\" content=\"pt_BR\" \/>\n<meta property=\"og:type\" content=\"article\" \/>\n<meta property=\"og:title\" content=\"Procedimentos - Hospital AngioVascular\" \/>\n<meta property=\"og:description\" content=\"Angiologia e Cirurgia Vascular Cirurgia de Varizes Esclerose de varizes (Laser, Crioesclerose, Espuma e esclorese tradicional) F\u00edstulas Art\u00e9rio-Venosas para Hemodi\u00e1lise Desobstru\u00e7\u00e3o das Art\u00e9rias Car\u00f3tidas Tratamento de Isquemia Cerebral Tratamento das Obstru\u00e7\u00f5es dos Membros Superiores e Inferiores Tratamento de Aneurisma Aorta Abdominal Tratamento de Aneurismas Perif\u00e9ricos Tratamento de P\u00e9s Diab\u00e9ticos Tratamento de Trombofleblites e Trombose Venosa [&hellip;]\" \/>\n<meta property=\"og:url\" content=\"https:\/\/www.angiovascular.com.br\/index.php\/procedimentos\/\" \/>\n<meta property=\"og:site_name\" content=\"Hospital AngioVascular\" \/>\n<meta property=\"article:modified_time\" content=\"2021-05-26T19:06:19+00:00\" \/>\n<meta property=\"og:image\" content=\"https:\/\/www.angiovascular.com.br\/wp-content\/uploads\/2021\/05\/Hospital-Angiovascular-Angiologia-e-Cirurgia-Vascular.jpg\" \/>\n\t<meta property=\"og:image:width\" content=\"1000\" \/>\n\t<meta property=\"og:image:height\" content=\"667\" \/>\n\t<meta property=\"og:image:type\" content=\"image\/jpeg\" \/>\n<meta name=\"twitter:card\" content=\"summary_large_image\" \/>\n<meta name=\"twitter:label1\" content=\"Est. reading time\" \/>\n\t<meta name=\"twitter:data1\" content=\"1 minuto\" \/>\n<script type=\"application\/ld+json\" class=\"yoast-schema-graph\">{\"@context\":\"https:\/\/schema.org\",\"@graph\":[{\"@type\":\"WebPage\",\"@id\":\"https:\/\/www.angiovascular.com.br\/index.php\/procedimentos\/\",\"url\":\"https:\/\/www.angiovascular.com.br\/index.php\/procedimentos\/\",\"name\":\"Procedimentos - Hospital AngioVascular\",\"isPartOf\":{\"@id\":\"https:\/\/www.angiovascular.com.br\/#website\"},\"datePublished\":\"2020-02-24T12:50:27+00:00\",\"dateModified\":\"2021-05-26T19:06:19+00:00\",\"breadcrumb\":{\"@id\":\"https:\/\/www.angiovascular.com.br\/index.php\/procedimentos\/#breadcrumb\"},\"inLanguage\":\"pt-BR\",\"potentialAction\":[{\"@type\":\"ReadAction\",\"target\":[\"https:\/\/www.angiovascular.com.br\/index.php\/procedimentos\/\"]}]},{\"@type\":\"BreadcrumbList\",\"@id\":\"https:\/\/www.angiovascular.com.br\/index.php\/procedimentos\/#breadcrumb\",\"itemListElement\":[{\"@type\":\"ListItem\",\"position\":1,\"name\":\"Home\",\"item\":\"https:\/\/www.angiovascular.com.br\/\"},{\"@type\":\"ListItem\",\"position\":2,\"name\":\"Procedimentos\"}]},{\"@type\":\"WebSite\",\"@id\":\"https:\/\/www.angiovascular.com.br\/#website\",\"url\":\"https:\/\/www.angiovascular.com.br\/\",\"name\":\"Hospital AngioVascular\",\"description\":\"Centro m\u00e9dico integrado em Angiologia, Cirurgia Pl\u00e1stica, Dermatologia e Cardiologia\",\"potentialAction\":[{\"@type\":\"SearchAction\",\"target\":{\"@type\":\"EntryPoint\",\"urlTemplate\":\"https:\/\/www.angiovascular.com.br\/?s={search_term_string}\"},\"query-input\":\"required name=search_term_string\"}],\"inLanguage\":\"pt-BR\"}]}<\/script>\n<!-- \/ Yoast SEO plugin. -->","yoast_head_json":{"title":"Procedimentos - Hospital AngioVascular","robots":{"index":"index","follow":"follow","max-snippet":"max-snippet:-1","max-image-preview":"max-image-preview:large","max-video-preview":"max-video-preview:-1"},"canonical":"https:\/\/www.angiovascular.com.br\/index.php\/procedimentos\/","og_locale":"pt_BR","og_type":"article","og_title":"Procedimentos - Hospital AngioVascular","og_description":"Angiologia e Cirurgia Vascular Cirurgia de Varizes Esclerose de varizes (Laser, Crioesclerose, Espuma e esclorese tradicional) F\u00edstulas Art\u00e9rio-Venosas para Hemodi\u00e1lise Desobstru\u00e7\u00e3o das Art\u00e9rias Car\u00f3tidas Tratamento de Isquemia Cerebral Tratamento das Obstru\u00e7\u00f5es dos Membros Superiores e Inferiores Tratamento de Aneurisma Aorta Abdominal Tratamento de Aneurismas Perif\u00e9ricos Tratamento de P\u00e9s Diab\u00e9ticos Tratamento de Trombofleblites e Trombose Venosa [&hellip;]","og_url":"https:\/\/www.angiovascular.com.br\/index.php\/procedimentos\/","og_site_name":"Hospital AngioVascular","article_modified_time":"2021-05-26T19:06:19+00:00","og_image":[{"width":1000,"height":667,"url":"https:\/\/www.angiovascular.com.br\/wp-content\/uploads\/2021\/05\/Hospital-Angiovascular-Angiologia-e-Cirurgia-Vascular.jpg","type":"image\/jpeg"}],"twitter_card":"summary_large_image","twitter_misc":{"Est. reading time":"1 minuto"},"schema":{"@context":"https:\/\/schema.org","@graph":[{"@type":"WebPage","@id":"https:\/\/www.angiovascular.com.br\/index.php\/procedimentos\/","url":"https:\/\/www.angiovascular.com.br\/index.php\/procedimentos\/","name":"Procedimentos - Hospital AngioVascular","isPartOf":{"@id":"https:\/\/www.angiovascular.com.br\/#website"},"datePublished":"2020-02-24T12:50:27+00:00","dateModified":"2021-05-26T19:06:19+00:00","breadcrumb":{"@id":"https:\/\/www.angiovascular.com.br\/index.php\/procedimentos\/#breadcrumb"},"inLanguage":"pt-BR","potentialAction":[{"@type":"ReadAction","target":["https:\/\/www.angiovascular.com.br\/index.php\/procedimentos\/"]}]},{"@type":"BreadcrumbList","@id":"https:\/\/www.angiovascular.com.br\/index.php\/procedimentos\/#breadcrumb","itemListElement":[{"@type":"ListItem","position":1,"name":"Home","item":"https:\/\/www.angiovascular.com.br\/"},{"@type":"ListItem","position":2,"name":"Procedimentos"}]},{"@type":"WebSite","@id":"https:\/\/www.angiovascular.com.br\/#website","url":"https:\/\/www.angiovascular.com.br\/","name":"Hospital AngioVascular","description":"Centro m\u00e9dico integrado em Angiologia, Cirurgia Pl\u00e1stica, Dermatologia e Cardiologia","potentialAction":[{"@type":"SearchAction","target":{"@type":"EntryPoint","urlTemplate":"https:\/\/www.angiovascular.com.br\/?s={search_term_string}"},"query-input":"required name=search_term_string"}],"inLanguage":"pt-BR"}]}},"_links":{"self":[{"href":"https:\/\/www.angiovascular.com.br\/index.php\/wp-json\/wp\/v2\/pages\/16"}],"collection":[{"href":"https:\/\/www.angiovascular.com.br\/index.php\/wp-json\/wp\/v2\/pages"}],"about":[{"href":"https:\/\/www.angiovascular.com.br\/index.php\/wp-json\/wp\/v2\/types\/page"}],"author":[{"embeddable":true,"href":"https:\/\/www.angiovascular.com.br\/index.php\/wp-json\/wp\/v2\/users\/1"}],"replies":[{"embeddable":true,"href":"https:\/\/www.angiovascular.com.br\/index.php\/wp-json\/wp\/v2\/comments?post=16"}],"version-history":[{"count":23,"href":"https:\/\/www.angiovascular.com.br\/index.php\/wp-json\/wp\/v2\/pages\/16\/revisions"}],"predecessor-version":[{"id":279,"href":"https:\/\/www.angiovascular.com.br\/index.php\/wp-json\/wp\/v2\/pages\/16\/revisions\/279"}],"wp:featuredmedia":[{"embeddable":true,"href":"https:\/\/www.angiovascular.com.br\/index.php\/wp-json\/wp\/v2\/media\/271"}],"wp:attachment":[{"href":"https:\/\/www.angiovascular.com.br\/index.php\/wp-json\/wp\/v2\/media?parent=16"}],"curies":[{"name":"wp","href":"https:\/\/api.w.org\/{rel}","templated":true}]}}