{"id":26,"date":"2020-02-24T12:51:18","date_gmt":"2020-02-24T12:51:18","guid":{"rendered":"http:\/\/localhost\/angiovascular\/?page_id=26"},"modified":"2025-08-15T17:29:25","modified_gmt":"2025-08-15T17:29:25","slug":"contato","status":"publish","type":"page","link":"https:\/\/www.angiovascular.com.br\/index.php\/contato\/","title":{"rendered":"Contato"},"content":{"rendered":"\n<h2 class=\"wp-block-heading has-text-align-center\">Fale conosco atrav\u00e9s do formul\u00e1rio ou das op\u00e7\u00f5es abaixo<\/h2>\n\n\n\n<p class=\"has-text-align-center\">Telefone\/WhatsApp: <a href=\"https:\/\/wa.me\/558431981100\" target=\"_blank\" rel=\"noreferrer noopener\">(84) 3198-1100<\/a><\/p>\n\n\n\n<p class=\"has-text-align-center\">E-mail: <a href=\"mailto:atendimento@angiovascular.com.br\" target=\"_blank\" rel=\"noreferrer noopener\" aria-label=\" (abre numa nova aba)\">atendimento@angiovascular.com.br<\/a> <\/p>\n\n\n\n<p class=\"has-text-align-center\">Endere\u00e7o: <a rel=\"noreferrer noopener\" aria-label=\"Av. Rodrigues Alves, 861 - Tirol - Cep.: 59020-200 | Natal\/RN (abre numa nova aba)\" href=\"https:\/\/www.google.com\/maps\/place\/Hospital+AngioVascular\/@-5.7923034,-35.2000609,15z\/data=!4m5!3m4!1s0x0:0x326aecb16eb44bcb!8m2!3d-5.7923034!4d-35.2000609\" target=\"_blank\">Av. Rodrigues Alves, 861 &#8211; Tirol &#8211; Cep.: 59020-200 | Natal\/RN<\/a><\/p>\n","protected":false},"excerpt":{"rendered":"<p>Fale conosco atrav\u00e9s do formul\u00e1rio ou das op\u00e7\u00f5es abaixo Telefone\/WhatsApp: (84) 3198-1100 E-mail: atendimento@angiovascular.com.br Endere\u00e7o: Av. Rodrigues Alves, 861 &#8211; Tirol &#8211; Cep.: 59020-200 | Natal\/RN<\/p>\n","protected":false},"author":1,"featured_media":0,"parent":0,"menu_order":0,"comment_status":"closed","ping_status":"closed","template":"","meta":[],"acf":[],"yoast_head":"<!-- This site is optimized with the Yoast SEO plugin v21.8.1 - https:\/\/yoast.com\/wordpress\/plugins\/seo\/ -->\n<title>Contato - Hospital AngioVascular<\/title>\n<meta name=\"robots\" content=\"index, follow, max-snippet:-1, max-image-preview:large, max-video-preview:-1\" \/>\n<link rel=\"canonical\" href=\"https:\/\/www.angiovascular.com.br\/index.php\/contato\/\" \/>\n<meta property=\"og:locale\" content=\"pt_BR\" \/>\n<meta property=\"og:type\" content=\"article\" \/>\n<meta property=\"og:title\" content=\"Contato - Hospital AngioVascular\" \/>\n<meta property=\"og:description\" content=\"Fale conosco atrav\u00e9s do formul\u00e1rio ou das op\u00e7\u00f5es abaixo Telefone\/WhatsApp: (84) 3198-1100 E-mail: atendimento@angiovascular.com.br Endere\u00e7o: Av. Rodrigues Alves, 861 &#8211; Tirol &#8211; Cep.: 59020-200 | Natal\/RN\" \/>\n<meta property=\"og:url\" content=\"https:\/\/www.angiovascular.com.br\/index.php\/contato\/\" \/>\n<meta property=\"og:site_name\" content=\"Hospital AngioVascular\" \/>\n<meta property=\"article:modified_time\" content=\"2025-08-15T17:29:25+00:00\" \/>\n<meta name=\"twitter:card\" content=\"summary_large_image\" \/>\n<meta name=\"twitter:label1\" content=\"Est. reading time\" \/>\n\t<meta name=\"twitter:data1\" content=\"1 minuto\" \/>\n<script type=\"application\/ld+json\" class=\"yoast-schema-graph\">{\"@context\":\"https:\/\/schema.org\",\"@graph\":[{\"@type\":\"WebPage\",\"@id\":\"https:\/\/www.angiovascular.com.br\/index.php\/contato\/\",\"url\":\"https:\/\/www.angiovascular.com.br\/index.php\/contato\/\",\"name\":\"Contato - Hospital AngioVascular\",\"isPartOf\":{\"@id\":\"https:\/\/www.angiovascular.com.br\/#website\"},\"datePublished\":\"2020-02-24T12:51:18+00:00\",\"dateModified\":\"2025-08-15T17:29:25+00:00\",\"breadcrumb\":{\"@id\":\"https:\/\/www.angiovascular.com.br\/index.php\/contato\/#breadcrumb\"},\"inLanguage\":\"pt-BR\",\"potentialAction\":[{\"@type\":\"ReadAction\",\"target\":[\"https:\/\/www.angiovascular.com.br\/index.php\/contato\/\"]}]},{\"@type\":\"BreadcrumbList\",\"@id\":\"https:\/\/www.angiovascular.com.br\/index.php\/contato\/#breadcrumb\",\"itemListElement\":[{\"@type\":\"ListItem\",\"position\":1,\"name\":\"Home\",\"item\":\"https:\/\/www.angiovascular.com.br\/\"},{\"@type\":\"ListItem\",\"position\":2,\"name\":\"Contato\"}]},{\"@type\":\"WebSite\",\"@id\":\"https:\/\/www.angiovascular.com.br\/#website\",\"url\":\"https:\/\/www.angiovascular.com.br\/\",\"name\":\"Hospital AngioVascular\",\"description\":\"Centro m\u00e9dico integrado em Angiologia, Cirurgia Pl\u00e1stica, Dermatologia e Cardiologia\",\"potentialAction\":[{\"@type\":\"SearchAction\",\"target\":{\"@type\":\"EntryPoint\",\"urlTemplate\":\"https:\/\/www.angiovascular.com.br\/?s={search_term_string}\"},\"query-input\":\"required name=search_term_string\"}],\"inLanguage\":\"pt-BR\"}]}<\/script>\n<!-- \/ Yoast SEO plugin. -->","yoast_head_json":{"title":"Contato - Hospital AngioVascular","robots":{"index":"index","follow":"follow","max-snippet":"max-snippet:-1","max-image-preview":"max-image-preview:large","max-video-preview":"max-video-preview:-1"},"canonical":"https:\/\/www.angiovascular.com.br\/index.php\/contato\/","og_locale":"pt_BR","og_type":"article","og_title":"Contato - Hospital AngioVascular","og_description":"Fale conosco atrav\u00e9s do formul\u00e1rio ou das op\u00e7\u00f5es abaixo Telefone\/WhatsApp: (84) 3198-1100 E-mail: atendimento@angiovascular.com.br Endere\u00e7o: Av. Rodrigues Alves, 861 &#8211; Tirol &#8211; Cep.: 59020-200 | Natal\/RN","og_url":"https:\/\/www.angiovascular.com.br\/index.php\/contato\/","og_site_name":"Hospital AngioVascular","article_modified_time":"2025-08-15T17:29:25+00:00","twitter_card":"summary_large_image","twitter_misc":{"Est. reading time":"1 minuto"},"schema":{"@context":"https:\/\/schema.org","@graph":[{"@type":"WebPage","@id":"https:\/\/www.angiovascular.com.br\/index.php\/contato\/","url":"https:\/\/www.angiovascular.com.br\/index.php\/contato\/","name":"Contato - Hospital AngioVascular","isPartOf":{"@id":"https:\/\/www.angiovascular.com.br\/#website"},"datePublished":"2020-02-24T12:51:18+00:00","dateModified":"2025-08-15T17:29:25+00:00","breadcrumb":{"@id":"https:\/\/www.angiovascular.com.br\/index.php\/contato\/#breadcrumb"},"inLanguage":"pt-BR","potentialAction":[{"@type":"ReadAction","target":["https:\/\/www.angiovascular.com.br\/index.php\/contato\/"]}]},{"@type":"BreadcrumbList","@id":"https:\/\/www.angiovascular.com.br\/index.php\/contato\/#breadcrumb","itemListElement":[{"@type":"ListItem","position":1,"name":"Home","item":"https:\/\/www.angiovascular.com.br\/"},{"@type":"ListItem","position":2,"name":"Contato"}]},{"@type":"WebSite","@id":"https:\/\/www.angiovascular.com.br\/#website","url":"https:\/\/www.angiovascular.com.br\/","name":"Hospital AngioVascular","description":"Centro m\u00e9dico integrado em Angiologia, Cirurgia Pl\u00e1stica, Dermatologia e Cardiologia","potentialAction":[{"@type":"SearchAction","target":{"@type":"EntryPoint","urlTemplate":"https:\/\/www.angiovascular.com.br\/?s={search_term_string}"},"query-input":"required name=search_term_string"}],"inLanguage":"pt-BR"}]}},"_links":{"self":[{"href":"https:\/\/www.angiovascular.com.br\/index.php\/wp-json\/wp\/v2\/pages\/26"}],"collection":[{"href":"https:\/\/www.angiovascular.com.br\/index.php\/wp-json\/wp\/v2\/pages"}],"about":[{"href":"https:\/\/www.angiovascular.com.br\/index.php\/wp-json\/wp\/v2\/types\/page"}],"author":[{"embeddable":true,"href":"https:\/\/www.angiovascular.com.br\/index.php\/wp-json\/wp\/v2\/users\/1"}],"replies":[{"embeddable":true,"href":"https:\/\/www.angiovascular.com.br\/index.php\/wp-json\/wp\/v2\/comments?post=26"}],"version-history":[{"count":9,"href":"https:\/\/www.angiovascular.com.br\/index.php\/wp-json\/wp\/v2\/pages\/26\/revisions"}],"predecessor-version":[{"id":421,"href":"https:\/\/www.angiovascular.com.br\/index.php\/wp-json\/wp\/v2\/pages\/26\/revisions\/421"}],"wp:attachment":[{"href":"https:\/\/www.angiovascular.com.br\/index.php\/wp-json\/wp\/v2\/media?parent=26"}],"curies":[{"name":"wp","href":"https:\/\/api.w.org\/{rel}","templated":true}]}}